{"id":2,"date":"2024-01-18T21:24:31","date_gmt":"2024-01-18T20:24:31","guid":{"rendered":"http:\/\/theaterrunde.bplaced.net\/wordpress\/?page_id=2"},"modified":"2024-03-15T10:46:34","modified_gmt":"2024-03-15T09:46:34","slug":"beispiel-seite","status":"publish","type":"page","link":"https:\/\/www.pfarre-stgeorgen.at\/theaterrunde\/?page_id=2","title":{"rendered":"\u00dcber uns"},"content":{"rendered":"\n<figure class=\"wp-block-image size-full\"><img loading=\"lazy\" decoding=\"async\" width=\"785\" height=\"406\" src=\"http:\/\/theaterrunde.bplaced.net\/wordpress\/wp-content\/uploads\/2024\/01\/GruppenfotoStGeorgen2017_1-1.png\" alt=\"\" class=\"wp-image-37\" srcset=\"https:\/\/www.pfarre-stgeorgen.at\/theaterrunde\/wp-content\/uploads\/2024\/01\/GruppenfotoStGeorgen2017_1-1.png 785w, https:\/\/www.pfarre-stgeorgen.at\/theaterrunde\/wp-content\/uploads\/2024\/01\/GruppenfotoStGeorgen2017_1-1-300x155.png 300w, https:\/\/www.pfarre-stgeorgen.at\/theaterrunde\/wp-content\/uploads\/2024\/01\/GruppenfotoStGeorgen2017_1-1-768x397.png 768w\" sizes=\"auto, (max-width: 785px) 100vw, 785px\" \/><\/figure>\n\n\n\n<p>Seit jeher bestand in St. Georgen an der Stiefing reges Interesse am Theaterspielen bzw. am Laientheater. Bereits in den 50er-Jahren fanden sich begeisterte Laiendarsteller zusammen, um gemeinsam Volksst\u00fccke zu erarbeiten und aufzuf\u00fchren. Die ersten Auff\u00fchrungsorte befanden sich im Schloss St. Georgen und sp\u00e4ter im, speziell f\u00fcr diese Theaterauff\u00fchrung neu errichteten, Pfarrheim. Als St\u00fccke wurden unter anderem&nbsp;<em>&#8222;Das Nullerl&#8220;<\/em>,&nbsp;<em>&#8222;Der F\u00f6rster vom Silbersee&#8220;<\/em>&nbsp;und weitere Volksst\u00fccke zur Auff\u00fchrung gebracht.<\/p>\n\n\n\n<p>Nach kurzer Spielpause wurde das Theaterspielen in St. Georgen durch die Landjugend wiederbelebt, deren Mitglieder sich mit gro\u00dfer Begeisterung in den sp\u00e4ten 70er und 80er-Jahren an diverse Auff\u00fchrungen und Auff\u00fchrungsexperimente wagte. Laienspielberater Herr&nbsp;<strong>Prof. Wiedner Karl<\/strong>&nbsp;und&nbsp;<strong>Prof. Wamperer<\/strong>&nbsp;unterst\u00fctzen die Bestrebungen, qualit\u00e4tsvolles Theater in St. Georgen zu produzieren. Begeisterte Jugendliche brachten folgende St\u00fccke zur Darstellung:<\/p>\n\n\n\n<ul class=\"wp-block-list\">\n<li><em>&#8222;Eine Nacht in Florenz&#8220;<\/em>&nbsp;von Paul Ernst, Spielort: Hof des Schlosses St. Georgen<\/li>\n\n\n\n<li><em>&#8222;Der kleine Prinz&#8220;<\/em>&nbsp;von Saint Exupery, ein episches Theater als Freiluftauff\u00fchrung am Kirchhof<\/li>\n\n\n\n<li><em>&#8222;Die Math\u00e4uspassion&#8220;<\/em>, ein Bibelspiel in Form pantomimischer und epischer Erz\u00e4hlung im Pfarrheim als Pantomimen\u00adspiel.<\/li>\n<\/ul>\n\n\n\n<p>Aber auch auf traditionelles Volkstheater wurde nicht vergessen.&nbsp;<em>&#8222;St\u00e4rker war der Hof&#8220;<\/em>, eine zeitkritische Betrachtung des Bauernstandes, wurde auch au\u00dferhalb der Marktgemeinde pr\u00e4sentiert.<\/p>\n\n\n\n<p>Man versuchte sich an Filmproduktionen und diverse Filme wurden damals als Produktion der&nbsp;<em>&#8222;Ungerproduktions&#8220;<\/em>&nbsp;gedreht, wie z.B.<em>&nbsp;&#8222;Als der Jodler noch ein Prunftschrei war&#8220;<\/em>. In dieser Zeit fiel auch die gro\u00dfartige Auff\u00fchrung des Nestroyst\u00fcckes&nbsp;<em>&#8222;Lumpazivagabundus&#8220;&nbsp;<\/em>bearbeitet von Prof. Wamperer. Hier mischten sich Darsteller aus der Jugendgruppe mit arrivierten Laiendarstellern. Das St\u00fcck geriet zu einem gro\u00dfen Erfolg mit einigen Zusatzvorstellungen. Diesen Erfolg nahm sich unser sp\u00e4terer Obmann Richard Hofst\u00e4tter zum Vorbild. Unter seiner F\u00fchrung wurde mit dem St\u00fcck&nbsp;<em>&#8222;Millionen im Heu&#8220;<\/em>&nbsp;(im Jahre 1990 aufgef\u00fchrt), mit den kontinuierlichen j\u00e4hrlichen Theater\u00adauf\u00adf\u00fchrungen in St. Georgen begonnen.<\/p>\n\n\n\n<p>Der Reinerl\u00f6s wurde viele Jahre zur G\u00e4nze der Kirchenrenovierung zur Verf\u00fcgung gestellt.<\/p>\n\n\n\n<p>Die&nbsp;<strong>offizielle Vereinsgr\u00fcndung&nbsp;<\/strong>erfolgte im Jahr 2001. Unser erster Obmann&nbsp;<strong>Richard Hofst\u00e4tter<\/strong>&nbsp;leitete den Verein 6 Jahre.<\/p>\n\n\n\n<p>2007 erfolgte ein Obmannwechsel und&nbsp;<strong>Rosalinde J\u00f6bstl<\/strong>&nbsp;\u00fcbernahm die Leitung der nunmehrigen&nbsp;<strong>&#8222;Theaterrunde der Pfarre St. Georgen&#8220;<\/strong>.<\/p>\n\n\n\n<p>Einige Fotos zu den vergangenen Theaterst\u00fccken finden Sie in unserer\u00a0<a href=\"http:\/\/www.pfarre-stgeorgen.at\/theaterrunde\/?page_id=9\" data-type=\"page\" data-id=\"9\">Bildergalerie<\/a>.<\/p>\n","protected":false},"excerpt":{"rendered":"<p>Seit jeher bestand in St. Georgen an der Stiefing reges Interesse am Theaterspielen bzw. am Laientheater. Bereits in den 50er-Jahren fanden sich begeisterte Laiendarsteller zusammen, um gemeinsam Volksst\u00fccke zu erarbeiten und aufzuf\u00fchren. Die ersten Auff\u00fchrungsorte befanden sich im Schloss St. Georgen und sp\u00e4ter im, speziell f\u00fcr diese Theaterauff\u00fchrung neu errichteten, Pfarrheim. Als St\u00fccke wurden unter&hellip; <a class=\"more-link\" href=\"https:\/\/www.pfarre-stgeorgen.at\/theaterrunde\/?page_id=2\"><span class=\"screen-reader-text\">\u00dcber uns<\/span> weiterlesen<\/a><\/p>\n","protected":false},"author":1,"featured_media":0,"parent":0,"menu_order":0,"comment_status":"closed","ping_status":"open","template":"","meta":{"footnotes":""},"class_list":["post-2","page","type-page","status-publish","hentry","entry"],"_links":{"self":[{"href":"https:\/\/www.pfarre-stgeorgen.at\/theaterrunde\/index.php?rest_route=\/wp\/v2\/pages\/2","targetHints":{"allow":["GET"]}}],"collection":[{"href":"https:\/\/www.pfarre-stgeorgen.at\/theaterrunde\/index.php?rest_route=\/wp\/v2\/pages"}],"about":[{"href":"https:\/\/www.pfarre-stgeorgen.at\/theaterrunde\/index.php?rest_route=\/wp\/v2\/types\/page"}],"author":[{"embeddable":true,"href":"https:\/\/www.pfarre-stgeorgen.at\/theaterrunde\/index.php?rest_route=\/wp\/v2\/users\/1"}],"replies":[{"embeddable":true,"href":"https:\/\/www.pfarre-stgeorgen.at\/theaterrunde\/index.php?rest_route=%2Fwp%2Fv2%2Fcomments&post=2"}],"version-history":[{"count":2,"href":"https:\/\/www.pfarre-stgeorgen.at\/theaterrunde\/index.php?rest_route=\/wp\/v2\/pages\/2\/revisions"}],"predecessor-version":[{"id":319,"href":"https:\/\/www.pfarre-stgeorgen.at\/theaterrunde\/index.php?rest_route=\/wp\/v2\/pages\/2\/revisions\/319"}],"wp:attachment":[{"href":"https:\/\/www.pfarre-stgeorgen.at\/theaterrunde\/index.php?rest_route=%2Fwp%2Fv2%2Fmedia&parent=2"}],"curies":[{"name":"wp","href":"https:\/\/api.w.org\/{rel}","templated":true}]}}