{"id":92,"date":"2024-01-19T10:00:01","date_gmt":"2024-01-19T09:00:01","guid":{"rendered":"http:\/\/theaterrunde.bplaced.net\/wordpress\/?page_id=92"},"modified":"2024-01-19T10:00:01","modified_gmt":"2024-01-19T09:00:01","slug":"datenschutzerklaerung-2","status":"publish","type":"page","link":"https:\/\/www.pfarre-stgeorgen.at\/theaterrunde\/?page_id=92","title":{"rendered":"Datenschutzerkl\u00e4rung"},"content":{"rendered":"\n<p>Der Schutz Ihrer pers\u00f6nlichen Daten ist uns ein besonderes Anliegen. Wir verarbeiten Ihre Daten daher ausschlie\u00dflich auf Grundlage der gesetzlichen Bestimmungen (DSGVO, TKG 2003). In dieser Datenschutzerkl\u00e4rung informieren wir Sie \u00fcber die wichtigsten Aspekte der Datenverarbeitung im Rahmen unserer Website.<br><\/p>\n\n\n\n<h4 class=\"wp-block-heading\">Kontakt mit uns<\/h4>\n\n\n\n<p>Wenn Sie per Formular auf der Website oder per E-Mail Kontakt mit uns aufnehmen, werden Ihre angegebenen Daten zwecks Bearbeitung der Anfrage und f\u00fcr den Fall von Anschlussfragen sechs Monate bei uns gespeichert. Diese Daten geben wir nicht ohne Ihre Einwilligung weiter.<\/p>\n\n\n\n<h4 class=\"wp-block-heading\">Cookies<\/h4>\n\n\n\n<p>Unsere Website verwendet so genannte Cookies. Dabei handelt es sich um kleine Textdateien, die mit Hilfe des Browsers auf Ihrem Endger\u00e4t abgelegt werden. Sie richten keinen Schaden an. Wir nutzen Cookies dazu, unser Angebot nutzerfreundlich zu gestalten. Einige Cookies bleiben auf Ihrem Endger\u00e4t gespeichert, bis Sie diese l\u00f6schen. Sie erm\u00f6glichen es uns, Ihren Browser beim n\u00e4chsten Besuch wiederzuerkennen. Wenn Sie dies nicht w\u00fcnschen, so k\u00f6nnen Sie Ihren Browser so einrichten, dass er Sie \u00fcber das Setzen von Cookies informiert und Sie dies nur im Einzelfall erlauben. Bei der Deaktivierung von Cookies kann die Funktionalit\u00e4t unserer Website eingeschr\u00e4nkt sein.<\/p>\n\n\n\n<h4 class=\"wp-block-heading\">Web-Analyse<\/h4>\n\n\n\n<p>Unsere Website verwendet Funktionen des Webanalysedienstes Google Analytics, des Anbieters Google Inc. mit Hauptsitz in Kalifornien, USA. Dazu werden Cookies verwendet, die eine Analyse der Benutzung der Website durch Ihre Benutzer erm\u00f6glicht. Die dadurch erzeugten Informationen werden auf den Server des Anbieters \u00fcbertragen und dort gespeichert. Die Nutzerdaten werden f\u00fcr die Dauer von 14 Monaten aufbewahrt. Sie k\u00f6nnen dies verhindern, indem Sie Ihren Browser so einrichten, dass keine Cookies gespeichert werden.<br>Die Datenschutzbestimmungen von Google finden Sie hier:&nbsp;<a href=\"http:\/\/www.google.com\/intl\/de\/policies\/privacy\/\" target=\"_blank\" rel=\"noreferrer noopener\">http:\/\/www.google.com\/intl\/de\/policies\/privacy\/<\/a>.<\/p>\n\n\n\n<h4 class=\"wp-block-heading\">Ihre Rechte<\/h4>\n\n\n\n<p>Ihnen stehen grunds\u00e4tzlich die Rechte auf Auskunft, Berichtigung, L\u00f6schung, Einschr\u00e4nkung, Daten\u00fcbertragbarkeit, Widerruf und Widerspruch zu. Wenn Sie glauben, dass die Verarbeitung Ihrer Daten gegen das Datenschutzrecht verst\u00f6\u00dft oder Ihre datenschutzrechtlichen Anspr\u00fcche sonst in einer Weise verletzt worden sind, k\u00f6nnen Sie sich bei der Aufsichtsbeh\u00f6rde beschweren. In \u00d6sterreich ist dies die Datenschutzbeh\u00f6rde.<\/p>\n\n\n\n<p><strong>Sie erreichen uns unter folgenden Kontaktdaten:<\/strong><br>Theaterverein St. Georgen an der Stiefing<br>+43 664 73 456 714<br><a href=\"mailto:theaterverein.stgeorgen@gmail.com?subject=Kontaktanfrage\">theaterverein.stgeorgen@gmail.com<\/a><\/p>\n\n\n\n<p><\/p>\n\n\n\n<p><\/p>\n","protected":false},"excerpt":{"rendered":"<p>Der Schutz Ihrer pers\u00f6nlichen Daten ist uns ein besonderes Anliegen. Wir verarbeiten Ihre Daten daher ausschlie\u00dflich auf Grundlage der gesetzlichen Bestimmungen (DSGVO, TKG 2003). In dieser Datenschutzerkl\u00e4rung informieren wir Sie \u00fcber die wichtigsten Aspekte der Datenverarbeitung im Rahmen unserer Website. Kontakt mit uns Wenn Sie per Formular auf der Website oder per E-Mail Kontakt mit&hellip; <a class=\"more-link\" href=\"https:\/\/www.pfarre-stgeorgen.at\/theaterrunde\/?page_id=92\"><span class=\"screen-reader-text\">Datenschutzerkl\u00e4rung<\/span> weiterlesen<\/a><\/p>\n","protected":false},"author":1,"featured_media":0,"parent":0,"menu_order":0,"comment_status":"closed","ping_status":"closed","template":"","meta":{"footnotes":""},"class_list":["post-92","page","type-page","status-publish","hentry","entry"],"_links":{"self":[{"href":"https:\/\/www.pfarre-stgeorgen.at\/theaterrunde\/index.php?rest_route=\/wp\/v2\/pages\/92","targetHints":{"allow":["GET"]}}],"collection":[{"href":"https:\/\/www.pfarre-stgeorgen.at\/theaterrunde\/index.php?rest_route=\/wp\/v2\/pages"}],"about":[{"href":"https:\/\/www.pfarre-stgeorgen.at\/theaterrunde\/index.php?rest_route=\/wp\/v2\/types\/page"}],"author":[{"embeddable":true,"href":"https:\/\/www.pfarre-stgeorgen.at\/theaterrunde\/index.php?rest_route=\/wp\/v2\/users\/1"}],"replies":[{"embeddable":true,"href":"https:\/\/www.pfarre-stgeorgen.at\/theaterrunde\/index.php?rest_route=%2Fwp%2Fv2%2Fcomments&post=92"}],"version-history":[{"count":1,"href":"https:\/\/www.pfarre-stgeorgen.at\/theaterrunde\/index.php?rest_route=\/wp\/v2\/pages\/92\/revisions"}],"predecessor-version":[{"id":93,"href":"https:\/\/www.pfarre-stgeorgen.at\/theaterrunde\/index.php?rest_route=\/wp\/v2\/pages\/92\/revisions\/93"}],"wp:attachment":[{"href":"https:\/\/www.pfarre-stgeorgen.at\/theaterrunde\/index.php?rest_route=%2Fwp%2Fv2%2Fmedia&parent=92"}],"curies":[{"name":"wp","href":"https:\/\/api.w.org\/{rel}","templated":true}]}}